{"id":2359,"date":"2026-01-21T15:56:27","date_gmt":"2026-01-21T14:56:27","guid":{"rendered":"https:\/\/iit.wolfsrudel-agentur.com\/?page_id=2359"},"modified":"2026-02-18T17:38:57","modified_gmt":"2026-02-18T16:38:57","slug":"anmeldung-anwendertagung","status":"publish","type":"page","link":"https:\/\/iit.wolfsrudel-agentur.com\/en\/anmeldung-anwendertagung\/","title":{"rendered":"Anmeldung Anwendertagung"},"content":{"rendered":"\t\t<div data-elementor-type=\"wp-page\" data-elementor-id=\"2359\" class=\"elementor elementor-2359\" data-elementor-post-type=\"page\">\n\t\t\t\t<div class=\"elementor-element elementor-element-a45e470 e-flex e-con-boxed e-con e-parent\" data-id=\"a45e470\" data-element_type=\"container\">\n\t\t\t\t\t<div class=\"e-con-inner\">\n\t\t<div class=\"elementor-element elementor-element-aa53bbb e-con-full e-flex e-con e-child\" data-id=\"aa53bbb\" data-element_type=\"container\">\n\t\t\t\t<div class=\"elementor-element elementor-element-590d66a elementor-invisible elementor-widget elementor-widget-heading\" data-id=\"590d66a\" data-element_type=\"widget\" data-settings=\"{&quot;_animation&quot;:&quot;fadeIn&quot;}\" data-widget_type=\"heading.default\">\n\t\t\t\t<div class=\"elementor-widget-container\">\n\t\t\t\t\t<h2 class=\"elementor-heading-title elementor-size-default\">Anmeldung <br> Anwendertagung<\/h2>\t\t\t\t<\/div>\n\t\t\t\t<\/div>\n\t\t\t\t<div class=\"elementor-element elementor-element-3288d18 animated-slow elementor-invisible elementor-widget elementor-widget-text-editor\" data-id=\"3288d18\" data-element_type=\"widget\" data-settings=\"{&quot;_animation&quot;:&quot;fadeIn&quot;,&quot;_animation_delay&quot;:400}\" data-widget_type=\"text-editor.default\">\n\t\t\t\t<div class=\"elementor-widget-container\">\n\t\t\t\t\t\t\t\t\t<p>Die\u00a0<strong>REDIS Anwendertagung 2026<\/strong>, am <strong>16. &amp; 17. Juni 2026<\/strong>\u00a0 im Novotel Karlsruhe City steht f\u00fcr Erfahrung, Wissen, Ideen und Impulse. Die Fachtagung, die Sie als Revisor und REDIS-Anwender und uns als Hersteller, an zwei Tagen zum gemeinsamen Dialog vereint.<\/p>\t\t\t\t\t\t\t\t<\/div>\n\t\t\t\t<\/div>\n\t\t\t\t<\/div>\n\t\t<div class=\"elementor-element elementor-element-21eaab7 e-con-full e-flex e-con e-child\" data-id=\"21eaab7\" data-element_type=\"container\" data-settings=\"{&quot;background_background&quot;:&quot;classic&quot;,&quot;animation&quot;:&quot;none&quot;}\">\n\t\t\t\t<div class=\"elementor-element elementor-element-116ff1b elementor-widget elementor-widget-image\" data-id=\"116ff1b\" data-element_type=\"widget\" data-settings=\"{&quot;motion_fx_motion_fx_mouse&quot;:&quot;yes&quot;,&quot;motion_fx_mouseTrack_effect&quot;:&quot;yes&quot;,&quot;motion_fx_mouseTrack_speed&quot;:{&quot;unit&quot;:&quot;px&quot;,&quot;size&quot;:0.40000000000000002220446049250313080847263336181640625,&quot;sizes&quot;:[]}}\" data-widget_type=\"image.default\">\n\t\t\t\t<div class=\"elementor-widget-container\">\n\t\t\t\t\t\t\t\t\t\t\t\t\t\t\t<img fetchpriority=\"high\" decoding=\"async\" width=\"800\" height=\"800\" src=\"https:\/\/iit.wolfsrudel-agentur.com\/wp-content\/uploads\/2026\/01\/IIT_Icon-Anwendertagung-1024x1024.png\" class=\"attachment-large size-large wp-image-2768\" alt=\"\" srcset=\"https:\/\/iit.wolfsrudel-agentur.com\/wp-content\/uploads\/2026\/01\/IIT_Icon-Anwendertagung-1024x1024.png 1024w, https:\/\/iit.wolfsrudel-agentur.com\/wp-content\/uploads\/2026\/01\/IIT_Icon-Anwendertagung-300x300.png 300w, https:\/\/iit.wolfsrudel-agentur.com\/wp-content\/uploads\/2026\/01\/IIT_Icon-Anwendertagung-150x150.png 150w, https:\/\/iit.wolfsrudel-agentur.com\/wp-content\/uploads\/2026\/01\/IIT_Icon-Anwendertagung-768x768.png 768w, https:\/\/iit.wolfsrudel-agentur.com\/wp-content\/uploads\/2026\/01\/IIT_Icon-Anwendertagung-1536x1536.png 1536w, https:\/\/iit.wolfsrudel-agentur.com\/wp-content\/uploads\/2026\/01\/IIT_Icon-Anwendertagung-2048x2048.png 2048w, https:\/\/iit.wolfsrudel-agentur.com\/wp-content\/uploads\/2026\/01\/IIT_Icon-Anwendertagung-12x12.png 12w\" sizes=\"(max-width: 800px) 100vw, 800px\" \/>\t\t\t\t\t\t\t\t\t\t\t\t\t\t\t<\/div>\n\t\t\t\t<\/div>\n\t\t\t\t<\/div>\n\t\t\t\t\t<\/div>\n\t\t\t\t<\/div>\n\t\t<div class=\"elementor-element elementor-element-da8176b e-flex e-con-boxed e-con e-parent\" data-id=\"da8176b\" data-element_type=\"container\">\n\t\t\t\t\t<div class=\"e-con-inner\">\n\t\t<div class=\"elementor-element elementor-element-59c53e4 e-con-full e-flex elementor-invisible e-con e-child\" data-id=\"59c53e4\" data-element_type=\"container\" data-settings=\"{&quot;background_background&quot;:&quot;classic&quot;,&quot;animation&quot;:&quot;fadeInUp&quot;}\">\n\t\t\t\t<div class=\"elementor-element elementor-element-85ffe20 elementor-widget elementor-widget-heading\" data-id=\"85ffe20\" data-element_type=\"widget\" data-widget_type=\"heading.default\">\n\t\t\t\t<div class=\"elementor-widget-container\">\n\t\t\t\t\t<h2 class=\"elementor-heading-title elementor-size-default\">Anwendertagung <br> 2026<\/h2>\t\t\t\t<\/div>\n\t\t\t\t<\/div>\n\t\t\t\t<\/div>\n\t\t<div class=\"elementor-element elementor-element-e89b0dd e-con-full e-flex e-con e-child\" data-id=\"e89b0dd\" data-element_type=\"container\">\n\t\t\t\t<div class=\"elementor-element elementor-element-3e459a8 animated-slow elementor-invisible elementor-widget elementor-widget-heading\" data-id=\"3e459a8\" data-element_type=\"widget\" data-settings=\"{&quot;_animation&quot;:&quot;fadeInUp&quot;,&quot;_animation_delay&quot;:200}\" data-widget_type=\"heading.default\">\n\t\t\t\t<div class=\"elementor-widget-container\">\n\t\t\t\t\t<h2 class=\"elementor-heading-title elementor-size-default\">Melden Sie sich jetzt f\u00fcr die REDIS Anwendertagung am 16. &amp; 17. Juni 2026 an. <\/h2>\t\t\t\t<\/div>\n\t\t\t\t<\/div>\n\t\t\t\t<div class=\"elementor-element elementor-element-0dee7cf animated-slow my-custom-form elementor-button-align-stretch elementor-invisible elementor-widget elementor-widget-form\" data-id=\"0dee7cf\" data-element_type=\"widget\" data-settings=\"{&quot;step_next_label&quot;:&quot;N\\u00e4chster&quot;,&quot;step_previous_label&quot;:&quot;Voriger&quot;,&quot;step_type&quot;:&quot;number&quot;,&quot;step_icon_shape&quot;:&quot;square&quot;,&quot;_animation&quot;:&quot;fadeInUp&quot;,&quot;_animation_delay&quot;:600,&quot;button_width&quot;:&quot;100&quot;}\" data-widget_type=\"form.default\">\n\t\t\t\t<div class=\"elementor-widget-container\">\n\t\t\t\t\t\t\t<form class=\"elementor-form\" method=\"post\" name=\"Redis Anwendertagung\" aria-label=\"Redis Anwendertagung\" novalidate=\"\">\n\t\t\t<input type=\"hidden\" name=\"post_id\" value=\"2359\"\/>\n\t\t\t<input type=\"hidden\" name=\"form_id\" value=\"0dee7cf\"\/>\n\t\t\t<input type=\"hidden\" name=\"referer_title\" value=\"Anmeldung Anwendertagung\" \/>\n\n\t\t\t\t\t\t\t<input type=\"hidden\" name=\"queried_id\" value=\"2359\"\/>\n\t\t\t\n\t\t\t<div class=\"elementor-form-fields-wrapper elementor-labels-above\">\n\t\t\t\t\t\t\t\t<div class=\"elementor-field-type-step elementor-field-group elementor-column elementor-field-group-field_7fa3480 elementor-col-100\">\n\t\t\t\t\t\t\t<div class=\"e-field-step elementor-hidden\" data-label=\"\" data-previousButton=\"Zur\u00fcck\" data-nextButton=\"Weiter\" data-iconUrl=\"\" data-iconLibrary=\"\" data-icon=\"\" ><\/div>\n\n\t\t\t\t\t\t<\/div>\n\t\t\t\t\t\t\t\t<div class=\"elementor-field-type-text elementor-field-group elementor-column elementor-field-group-name elementor-col-50 elementor-field-required elementor-mark-required\">\n\t\t\t\t\t\t\t\t\t\t\t\t<label for=\"form-field-name\" class=\"elementor-field-label\">\n\t\t\t\t\t\t\t\tVorname\t\t\t\t\t\t\t<\/label>\n\t\t\t\t\t\t\t\t\t\t\t\t\t\t<input size=\"1\" type=\"text\" name=\"form_fields[name]\" id=\"form-field-name\" class=\"elementor-field elementor-size-sm  elementor-field-textual\" required=\"required\">\n\t\t\t\t\t\t\t\t\t\t\t<\/div>\n\t\t\t\t\t\t\t\t<div class=\"elementor-field-type-text elementor-field-group elementor-column elementor-field-group-field_d9d03f8 elementor-col-50 elementor-field-required elementor-mark-required\">\n\t\t\t\t\t\t\t\t\t\t\t\t<label for=\"form-field-field_d9d03f8\" class=\"elementor-field-label\">\n\t\t\t\t\t\t\t\tNachname\t\t\t\t\t\t\t<\/label>\n\t\t\t\t\t\t\t\t\t\t\t\t\t\t<input size=\"1\" type=\"text\" name=\"form_fields[field_d9d03f8]\" id=\"form-field-field_d9d03f8\" class=\"elementor-field elementor-size-sm  elementor-field-textual\" required=\"required\">\n\t\t\t\t\t\t\t\t\t\t\t<\/div>\n\t\t\t\t\t\t\t\t<div class=\"elementor-field-type-text elementor-field-group elementor-column elementor-field-group-field_7d853c1 elementor-col-50 elementor-field-required elementor-mark-required\">\n\t\t\t\t\t\t\t\t\t\t\t\t<label for=\"form-field-field_7d853c1\" class=\"elementor-field-label\">\n\t\t\t\t\t\t\t\tFirma\t\t\t\t\t\t\t<\/label>\n\t\t\t\t\t\t\t\t\t\t\t\t\t\t<input size=\"1\" type=\"text\" name=\"form_fields[field_7d853c1]\" id=\"form-field-field_7d853c1\" class=\"elementor-field elementor-size-sm  elementor-field-textual\" required=\"required\">\n\t\t\t\t\t\t\t\t\t\t\t<\/div>\n\t\t\t\t\t\t\t\t<div class=\"elementor-field-type-text elementor-field-group elementor-column elementor-field-group-field_133faf6 elementor-col-50 elementor-field-required elementor-mark-required\">\n\t\t\t\t\t\t\t\t\t\t\t\t<label for=\"form-field-field_133faf6\" class=\"elementor-field-label\">\n\t\t\t\t\t\t\t\tAbteilung\t\t\t\t\t\t\t<\/label>\n\t\t\t\t\t\t\t\t\t\t\t\t\t\t<input size=\"1\" type=\"text\" name=\"form_fields[field_133faf6]\" id=\"form-field-field_133faf6\" class=\"elementor-field elementor-size-sm  elementor-field-textual\" required=\"required\">\n\t\t\t\t\t\t\t\t\t\t\t<\/div>\n\t\t\t\t\t\t\t\t<div class=\"elementor-field-type-step elementor-field-group elementor-column elementor-field-group-field_2e9d7bd elementor-col-100\">\n\t\t\t\t\t\t\t<div class=\"e-field-step elementor-hidden\" data-label=\"\" data-previousButton=\"Zur\u00fcck\" data-nextButton=\"Weiter\" data-iconUrl=\"\" data-iconLibrary=\"\" data-icon=\"\" ><\/div>\n\n\t\t\t\t\t\t<\/div>\n\t\t\t\t\t\t\t\t<div class=\"elementor-field-type-text elementor-field-group elementor-column elementor-field-group-field_6aa6a56 elementor-col-50 elementor-field-required elementor-mark-required\">\n\t\t\t\t\t\t\t\t\t\t\t\t<label for=\"form-field-field_6aa6a56\" class=\"elementor-field-label\">\n\t\t\t\t\t\t\t\tStra\u00dfe\t\t\t\t\t\t\t<\/label>\n\t\t\t\t\t\t\t\t\t\t\t\t\t\t<input size=\"1\" type=\"text\" name=\"form_fields[field_6aa6a56]\" id=\"form-field-field_6aa6a56\" class=\"elementor-field elementor-size-sm  elementor-field-textual\" required=\"required\">\n\t\t\t\t\t\t\t\t\t\t\t<\/div>\n\t\t\t\t\t\t\t\t<div class=\"elementor-field-type-text elementor-field-group elementor-column elementor-field-group-field_190e097 elementor-col-50 elementor-field-required elementor-mark-required\">\n\t\t\t\t\t\t\t\t\t\t\t\t<label for=\"form-field-field_190e097\" class=\"elementor-field-label\">\n\t\t\t\t\t\t\t\tHausnummer\t\t\t\t\t\t\t<\/label>\n\t\t\t\t\t\t\t\t\t\t\t\t\t\t<input size=\"1\" type=\"text\" name=\"form_fields[field_190e097]\" id=\"form-field-field_190e097\" class=\"elementor-field elementor-size-sm  elementor-field-textual\" required=\"required\">\n\t\t\t\t\t\t\t\t\t\t\t<\/div>\n\t\t\t\t\t\t\t\t<div class=\"elementor-field-type-text elementor-field-group elementor-column elementor-field-group-field_b27fbf8 elementor-col-50 elementor-field-required elementor-mark-required\">\n\t\t\t\t\t\t\t\t\t\t\t\t<label for=\"form-field-field_b27fbf8\" class=\"elementor-field-label\">\n\t\t\t\t\t\t\t\tPLZ\t\t\t\t\t\t\t<\/label>\n\t\t\t\t\t\t\t\t\t\t\t\t\t\t<input size=\"1\" type=\"text\" name=\"form_fields[field_b27fbf8]\" id=\"form-field-field_b27fbf8\" class=\"elementor-field elementor-size-sm  elementor-field-textual\" required=\"required\">\n\t\t\t\t\t\t\t\t\t\t\t<\/div>\n\t\t\t\t\t\t\t\t<div class=\"elementor-field-type-text elementor-field-group elementor-column elementor-field-group-field_dbbde8e elementor-col-50 elementor-field-required elementor-mark-required\">\n\t\t\t\t\t\t\t\t\t\t\t\t<label for=\"form-field-field_dbbde8e\" class=\"elementor-field-label\">\n\t\t\t\t\t\t\t\tOrt\t\t\t\t\t\t\t<\/label>\n\t\t\t\t\t\t\t\t\t\t\t\t\t\t<input size=\"1\" type=\"text\" name=\"form_fields[field_dbbde8e]\" id=\"form-field-field_dbbde8e\" class=\"elementor-field elementor-size-sm  elementor-field-textual\" required=\"required\">\n\t\t\t\t\t\t\t\t\t\t\t<\/div>\n\t\t\t\t\t\t\t\t<div class=\"elementor-field-type-step elementor-field-group elementor-column elementor-field-group-field_a3deb3e elementor-col-100\">\n\t\t\t\t\t\t\t<div class=\"e-field-step elementor-hidden\" data-label=\"\" data-previousButton=\"Zur\u00fcck\" data-nextButton=\"Weiter\" data-iconUrl=\"\" data-iconLibrary=\"\" data-icon=\"\" ><\/div>\n\n\t\t\t\t\t\t<\/div>\n\t\t\t\t\t\t\t\t<div class=\"elementor-field-type-tel elementor-field-group elementor-column elementor-field-group-field_6453d21 elementor-col-50 elementor-field-required elementor-mark-required\">\n\t\t\t\t\t\t\t\t\t\t\t\t<label for=\"form-field-field_6453d21\" class=\"elementor-field-label\">\n\t\t\t\t\t\t\t\tTelefonnummer\t\t\t\t\t\t\t<\/label>\n\t\t\t\t\t\t\t\t<input size=\"1\" type=\"tel\" name=\"form_fields[field_6453d21]\" id=\"form-field-field_6453d21\" class=\"elementor-field elementor-size-sm  elementor-field-textual\" required=\"required\" pattern=\"[0-9()#&amp;+*-=.]+\" title=\"Only numbers and phone characters (#, -, *, etc) are accepted.\">\n\n\t\t\t\t\t\t<\/div>\n\t\t\t\t\t\t\t\t<div class=\"elementor-field-type-email elementor-field-group elementor-column elementor-field-group-field_9654605 elementor-col-50 elementor-field-required elementor-mark-required\">\n\t\t\t\t\t\t\t\t\t\t\t\t<label for=\"form-field-field_9654605\" class=\"elementor-field-label\">\n\t\t\t\t\t\t\t\tE-Mail\t\t\t\t\t\t\t<\/label>\n\t\t\t\t\t\t\t\t\t\t\t\t\t\t<input size=\"1\" type=\"email\" name=\"form_fields[field_9654605]\" id=\"form-field-field_9654605\" class=\"elementor-field elementor-size-sm  elementor-field-textual\" required=\"required\">\n\t\t\t\t\t\t\t\t\t\t\t<\/div>\n\t\t\t\t\t\t\t\t<div class=\"elementor-field-type-step elementor-field-group elementor-column elementor-field-group-field_99b5f94 elementor-col-100\">\n\t\t\t\t\t\t\t<div class=\"e-field-step elementor-hidden\" data-label=\"\" data-previousButton=\"Zur\u00fcck\" data-nextButton=\"Weiter\" data-iconUrl=\"\" data-iconLibrary=\"\" data-icon=\"\" ><\/div>\n\n\t\t\t\t\t\t<\/div>\n\t\t\t\t\t\t\t\t<div class=\"elementor-field-type-select elementor-field-group elementor-column elementor-field-group-field_f04ae80 elementor-col-100 elementor-field-required elementor-mark-required\">\n\t\t\t\t\t\t\t\t\t\t\t\t<label for=\"form-field-field_f04ae80\" class=\"elementor-field-label\">\n\t\t\t\t\t\t\t\tIch m\u00f6chte an der REDIS Anwendertagung, 16. & 17. Juni 2026 teilnehmen und buche folgende Option verbindlich:\t\t\t\t\t\t\t<\/label>\n\t\t\t\t\t\t\t\t<div class=\"elementor-field elementor-select-wrapper remove-before \">\n\t\t\t<div class=\"select-caret-down-wrapper\">\n\t\t\t\t<svg aria-hidden=\"true\" class=\"e-font-icon-svg e-eicon-caret-down\" viewBox=\"0 0 571.4 571.4\" xmlns=\"http:\/\/www.w3.org\/2000\/svg\"><path d=\"M571 393Q571 407 561 418L311 668Q300 679 286 679T261 668L11 418Q0 407 0 393T11 368 36 357H536Q550 357 561 368T571 393Z\"><\/path><\/svg>\t\t\t<\/div>\n\t\t\t<select name=\"form_fields[field_f04ae80]\" id=\"form-field-field_f04ae80\" class=\"elementor-field-textual elementor-size-sm\" required=\"required\">\n\t\t\t\t\t\t\t\t\t<option value=\"Teilnahme, ohne \u00dcbernachtung: 575,- \u20ac, zzgl. MwSt.\">Teilnahme, ohne \u00dcbernachtung: 575,- \u20ac, zzgl. MwSt.<\/option>\n\t\t\t\t\t\t\t\t\t<option value=\"Teilnahme, inkl. 1 \u00dcbernachtung 16.\u201317.06.2026: 710,- \u20ac, zzgl. MwSt.\">Teilnahme, inkl. 1 \u00dcbernachtung 16.\u201317.06.2026: 710,- \u20ac, zzgl. MwSt.<\/option>\n\t\t\t\t\t\t\t\t\t<option value=\"Teilnahme, inkl. 2 \u00dcbernachtungen 15.\u201317.06.2026: 845,- \u20ac, zzgl. MwSt.\">Teilnahme, inkl. 2 \u00dcbernachtungen 15.\u201317.06.2026: 845,- \u20ac, zzgl. MwSt.<\/option>\n\t\t\t\t\t\t\t<\/select>\n\t\t<\/div>\n\t\t\t\t\t\t<\/div>\n\t\t\t\t\t\t\t\t<div class=\"elementor-field-type-step elementor-field-group elementor-column elementor-field-group-field_9129161 elementor-col-100\">\n\t\t\t\t\t\t\t<div class=\"e-field-step elementor-hidden\" data-label=\"step5\" data-previousButton=\"Zur\u00fcck\" data-nextButton=\"Weiter\" data-iconUrl=\"\" data-iconLibrary=\"\" data-icon=\"\" ><\/div>\n\n\t\t\t\t\t\t<\/div>\n\t\t\t\t\t\t\t\t<div class=\"elementor-field-type-textarea elementor-field-group elementor-column elementor-field-group-field_3b12b75 elementor-col-100\">\n\t\t\t\t\t\t\t\t\t\t\t\t<label for=\"form-field-field_3b12b75\" class=\"elementor-field-label\">\n\t\t\t\t\t\t\t\tAnmerkungen\t\t\t\t\t\t\t<\/label>\n\t\t\t\t\t\t<textarea class=\"elementor-field-textual elementor-field  elementor-size-sm\" name=\"form_fields[field_3b12b75]\" id=\"form-field-field_3b12b75\" rows=\"4\"><\/textarea>\t\t\t\t<\/div>\n\t\t\t\t\t\t\t\t<div class=\"elementor-field-type-acceptance elementor-field-group elementor-column elementor-field-group-field_0456fd5 elementor-col-100 elementor-field-required elementor-mark-required\">\n\t\t\t\t\t\t\t\t\t\t\t\t<label for=\"form-field-field_0456fd5\" class=\"elementor-field-label\">\n\t\t\t\t\t\t\t\tDatenschutz\t\t\t\t\t\t\t<\/label>\n\t\t\t\t\t\t\t\t<div class=\"elementor-field-subgroup\">\n\t\t\t<span class=\"elementor-field-option\">\n\t\t\t\t<input type=\"checkbox\" name=\"form_fields[field_0456fd5]\" id=\"form-field-field_0456fd5\" class=\"elementor-field elementor-size-sm  elementor-acceptance-field\" required=\"required\" checked=\"checked\">\n\t\t\t\t<label for=\"form-field-field_0456fd5\">Ich habe die Datenschutzhinweise gelesen und bin damit einverstanden.<\/label>\t\t\t<\/span>\n\t\t<\/div>\n\t\t\t\t\t\t<\/div>\n\t\t\t\t\t\t\t\t<div class=\"elementor-field-group elementor-column elementor-field-type-submit elementor-col-100 e-form__buttons\">\n\t\t\t\t\t<button class=\"elementor-button elementor-size-md\" type=\"submit\">\n\t\t\t\t\t\t<span class=\"elementor-button-content-wrapper\">\n\t\t\t\t\t\t\t\t\t\t\t\t\t\t\t\t\t\t\t\t\t\t<span class=\"elementor-button-text\">Senden<\/span>\n\t\t\t\t\t\t\t\t\t\t\t\t\t<\/span>\n\t\t\t\t\t<\/button>\n\t\t\t\t<\/div>\n\t\t\t<\/div>\n\t\t<\/form>\n\t\t\t\t\t\t<\/div>\n\t\t\t\t<\/div>\n\t\t\t\t<\/div>\n\t\t\t\t\t<\/div>\n\t\t\t\t<\/div>\n\t\t<div class=\"elementor-element elementor-element-757baf5 e-flex e-con-boxed e-con e-parent\" data-id=\"757baf5\" data-element_type=\"container\">\n\t\t\t\t\t<div class=\"e-con-inner\">\n\t\t<div class=\"elementor-element elementor-element-7d3c6e9 e-con-full e-flex elementor-invisible e-con e-child\" data-id=\"7d3c6e9\" data-element_type=\"container\" data-settings=\"{&quot;background_background&quot;:&quot;classic&quot;,&quot;animation&quot;:&quot;fadeInUp&quot;}\">\n\t\t\t\t<div class=\"elementor-element elementor-element-50ae3a6 custom-tabs e-n-tabs-none elementor-widget elementor-widget-n-tabs\" data-id=\"50ae3a6\" data-element_type=\"widget\" data-settings=\"{&quot;tabs_justify_horizontal&quot;:&quot;stretch&quot;,&quot;horizontal_scroll&quot;:&quot;disable&quot;}\" data-widget_type=\"nested-tabs.default\">\n\t\t\t\t<div class=\"elementor-widget-container\">\n\t\t\t\t\t\t\t<div class=\"e-n-tabs\" data-widget-number=\"84599718\" aria-label=\"Tabs. Open items with Enter or Space, close with Escape and navigate using the Arrow keys.\">\n\t\t\t<div class=\"e-n-tabs-heading\" role=\"tablist\">\n\t\t\t\t\t<button id=\"e-n-tab-title-845997181\" data-tab-title-id=\"e-n-tab-title-845997181\" class=\"e-n-tab-title\" aria-selected=\"true\" data-tab-index=\"1\" role=\"tab\" tabindex=\"0\" aria-controls=\"e-n-tab-content-845997181\" style=\"--n-tabs-title-order: 1;\">\n\t\t\t\t\t\t<span class=\"e-n-tab-title-text\">\n\t\t\t\tHinweis\t\t\t<\/span>\n\t\t<\/button>\n\t\t\t\t<button id=\"e-n-tab-title-845997182\" data-tab-title-id=\"e-n-tab-title-845997182\" class=\"e-n-tab-title\" aria-selected=\"false\" data-tab-index=\"2\" role=\"tab\" tabindex=\"-1\" aria-controls=\"e-n-tab-content-845997182\" style=\"--n-tabs-title-order: 2;\">\n\t\t\t\t\t\t<span class=\"e-n-tab-title-text\">\n\t\t\t\tStornierungsbedingungen\t\t\t<\/span>\n\t\t<\/button>\n\t\t\t\t\t<\/div>\n\t\t\t<div class=\"e-n-tabs-content\">\n\t\t\t\t<div id=\"e-n-tab-content-845997181\" role=\"tabpanel\" aria-labelledby=\"e-n-tab-title-845997181\" data-tab-index=\"1\" style=\"--n-tabs-title-order: 1;\" class=\"e-active elementor-element elementor-element-99673cf e-con-full e-flex e-con e-child\" data-id=\"99673cf\" data-element_type=\"container\">\n\t\t\t\t<div class=\"elementor-element elementor-element-9ced00e elementor-widget elementor-widget-text-editor\" data-id=\"9ced00e\" data-element_type=\"widget\" data-widget_type=\"text-editor.default\">\n\t\t\t\t<div class=\"elementor-widget-container\">\n\t\t\t\t\t\t\t\t\t<p>Der Teilnehmer r\u00e4umt mit seiner Anmeldung der IIT das Recht ein, w\u00e4hrend der Veranstaltung gemachte Fotos und Filmaufnahmen unentgeltlich in einem gesch\u00fctzten Bereich den Teilnehmern zug\u00e4nglich zu machen, zu dem Sie nach Wunsch, mittels einer Kennung und Passwort, Zugang bekommen. Au\u00dferdem weisen wir Sie darauf hin, dass wir den Teilnehmern eine Teilnehmerliste mit Firmen-, Vor- und Nachname zur Verf\u00fcgung stellen.<\/p><p>Das Einverst\u00e4ndnis erfolgt freiwillig und kann jederzeit widerrufen werden. Dem Teilnehmer ist bewusst, dass der Nutzer nur unter Ber\u00fccksichtigung seiner technischen, organisatorischen und finanziellen Mittel den Widerruf umsetzen kann. Weitere Informationen zum Datenschutz erh\u00e4lt der Teilnehmer unter www.iit-gmbh.de .<\/p>\t\t\t\t\t\t\t\t<\/div>\n\t\t\t\t<\/div>\n\t\t\t\t<\/div>\n\t\t<div id=\"e-n-tab-content-845997182\" role=\"tabpanel\" aria-labelledby=\"e-n-tab-title-845997182\" data-tab-index=\"2\" style=\"--n-tabs-title-order: 2;\" class=\" elementor-element elementor-element-9576a3b e-con-full e-flex e-con e-child\" data-id=\"9576a3b\" data-element_type=\"container\">\n\t\t\t\t<div class=\"elementor-element elementor-element-75289d6 elementor-widget elementor-widget-text-editor\" data-id=\"75289d6\" data-element_type=\"widget\" data-widget_type=\"text-editor.default\">\n\t\t\t\t<div class=\"elementor-widget-container\">\n\t\t\t\t\t\t\t\t\t<p>Bei einer Stornierung ab dem 19.05. \u2013 01.06. wird eine Stornierungsgeb\u00fchr in H\u00f6he von 150,- \u20ac pro Person, zzgl. MwSt. in Rechnung gestellt, Stornierungen ab dem\u00a0 02.06.26 werden mit der vollen Tagungspauschale berechnet.<\/p>\t\t\t\t\t\t\t\t<\/div>\n\t\t\t\t<\/div>\n\t\t\t\t<\/div>\n\t\t\t\t\t<\/div>\n\t\t<\/div>\n\t\t\t\t\t\t<\/div>\n\t\t\t\t<\/div>\n\t\t\t\t<\/div>\n\t\t\t\t\t<\/div>\n\t\t\t\t<\/div>\n\t\t\t\t<\/div>\n\t\t","protected":false},"excerpt":{"rendered":"<p>Anmeldung Anwendertagung Die\u00a0REDIS Anwendertagung 2026, am 16. &amp; 17. Juni 2026\u00a0 im Novotel Karlsruhe City steht f\u00fcr Erfahrung, Wissen, Ideen und Impulse. Die Fachtagung, die Sie als Revisor und REDIS-Anwender und uns als Hersteller, an zwei Tagen zum gemeinsamen Dialog vereint. Anwendertagung 2026 Melden Sie sich jetzt f\u00fcr die REDIS Anwendertagung am 16. &amp; 17. [&hellip;]<\/p>\n","protected":false},"author":1,"featured_media":0,"parent":0,"menu_order":0,"comment_status":"closed","ping_status":"closed","template":"","meta":{"footnotes":""},"class_list":["post-2359","page","type-page","status-publish","hentry"],"_links":{"self":[{"href":"https:\/\/iit.wolfsrudel-agentur.com\/en\/wp-json\/wp\/v2\/pages\/2359","targetHints":{"allow":["GET"]}}],"collection":[{"href":"https:\/\/iit.wolfsrudel-agentur.com\/en\/wp-json\/wp\/v2\/pages"}],"about":[{"href":"https:\/\/iit.wolfsrudel-agentur.com\/en\/wp-json\/wp\/v2\/types\/page"}],"author":[{"embeddable":true,"href":"https:\/\/iit.wolfsrudel-agentur.com\/en\/wp-json\/wp\/v2\/users\/1"}],"replies":[{"embeddable":true,"href":"https:\/\/iit.wolfsrudel-agentur.com\/en\/wp-json\/wp\/v2\/comments?post=2359"}],"version-history":[{"count":80,"href":"https:\/\/iit.wolfsrudel-agentur.com\/en\/wp-json\/wp\/v2\/pages\/2359\/revisions"}],"predecessor-version":[{"id":3749,"href":"https:\/\/iit.wolfsrudel-agentur.com\/en\/wp-json\/wp\/v2\/pages\/2359\/revisions\/3749"}],"wp:attachment":[{"href":"https:\/\/iit.wolfsrudel-agentur.com\/en\/wp-json\/wp\/v2\/media?parent=2359"}],"curies":[{"name":"wp","href":"https:\/\/api.w.org\/{rel}","templated":true}]}}