{"id":1561,"date":"2025-08-28T15:15:21","date_gmt":"2025-08-28T13:15:21","guid":{"rendered":"https:\/\/iit.wolfsrudel-agentur.com\/?page_id=1561"},"modified":"2026-02-18T17:41:36","modified_gmt":"2026-02-18T16:41:36","slug":"disclaimer","status":"publish","type":"page","link":"https:\/\/iit.wolfsrudel-agentur.com\/en\/disclaimer\/","title":{"rendered":"Disclaimer"},"content":{"rendered":"<div data-elementor-type=\"wp-page\" data-elementor-id=\"1561\" class=\"elementor elementor-1561\" data-elementor-post-type=\"page\">\n\t\t\t\t<div class=\"elementor-element elementor-element-8f00b85 e-flex e-con-boxed e-con e-parent\" data-id=\"8f00b85\" data-element_type=\"container\">\n\t\t\t\t\t<div class=\"e-con-inner\">\n\t\t\t\t<div class=\"elementor-element elementor-element-131441b elementor-widget elementor-widget-heading\" data-id=\"131441b\" data-element_type=\"widget\" data-widget_type=\"heading.default\">\n\t\t\t\t<div class=\"elementor-widget-container\">\n\t\t\t\t\t<h2 class=\"elementor-heading-title elementor-size-default\">Disclaimer <span class=\"gruenes-trennzeichen\">|<\/span> Disclaimer<\/h2>\t\t\t\t<\/div>\n\t\t\t\t<\/div>\n\t\t\t\t<div class=\"elementor-element elementor-element-c4e4c19 elementor-widget elementor-widget-heading\" data-id=\"c4e4c19\" data-element_type=\"widget\" data-widget_type=\"heading.default\">\n\t\t\t\t<div class=\"elementor-widget-container\">\n\t\t\t\t\t<h2 class=\"elementor-heading-title elementor-size-default\">Liability for content<\/h2>\t\t\t\t<\/div>\n\t\t\t\t<\/div>\n\t\t\t\t<div class=\"elementor-element elementor-element-b94e238 elementor-widget elementor-widget-text-editor\" data-id=\"b94e238\" data-element_type=\"widget\" data-widget_type=\"text-editor.default\">\n\t\t\t\t<div class=\"elementor-widget-container\">\n\t\t\t\t\t\t\t\t\t<div class=\"wpb_text_column wpb_content_element\"><p>As a service provider, we are responsible for our own content on these pages in accordance with the general laws, pursuant to Section 2 of the Digital Services Act (DDG).<br \/>We create the content of our website with the utmost care. However, we cannot guarantee the accuracy, completeness, or timeliness of the content provided.<\/p><p>As a service provider, we are not obligated by applicable legal regulations to monitor transmitted or stored third-party information or to investigate circumstances that indicate illegal activity.<br \/>Obligations to remove or block the use of information in accordance with the general laws remain unaffected by this.<\/p><p>Liability for illegal content is only possible from the point at which knowledge of a specific legal infringement is obtained. Upon becoming aware of such legal infringements, we will remove the content immediately.<\/p><\/div>\t\t\t\t\t\t\t\t<\/div>\n\t\t\t\t<\/div>\n\t\t\t\t<div class=\"elementor-element elementor-element-da78cdd elementor-widget elementor-widget-heading\" data-id=\"da78cdd\" data-element_type=\"widget\" data-widget_type=\"heading.default\">\n\t\t\t\t<div class=\"elementor-widget-container\">\n\t\t\t\t\t<h2 class=\"elementor-heading-title elementor-size-default\">Liability for Links<\/h2>\t\t\t\t<\/div>\n\t\t\t\t<\/div>\n\t\t\t\t<div class=\"elementor-element elementor-element-de871b0 elementor-widget elementor-widget-text-editor\" data-id=\"de871b0\" data-element_type=\"widget\" data-widget_type=\"text-editor.default\">\n\t\t\t\t<div class=\"elementor-widget-container\">\n\t\t\t\t\t\t\t\t\t<div class=\"wpb_text_column wpb_content_element\"><div class=\"wpb_wrapper\"><p>This website contains links to external third-party websites, over whose content we have no influence. The respective provider or operator of the linked pages is always responsible for the content of the linked pages. We do not assume any liability for this external content.<\/p><p>The linked pages were checked for possible legal infringements at the time of linking. No illegal content was apparent at that time.<br \/>Permanent content control of linked pages is not reasonable without concrete indications of legal infringement.<\/p><p>Upon becoming aware of legal infringements, such links will be removed immediately.<\/p><\/div><\/div>\t\t\t\t\t\t\t\t<\/div>\n\t\t\t\t<\/div>\n\t\t\t\t<div class=\"elementor-element elementor-element-42c5afc elementor-widget elementor-widget-heading\" data-id=\"42c5afc\" data-element_type=\"widget\" data-widget_type=\"heading.default\">\n\t\t\t\t<div class=\"elementor-widget-container\">\n\t\t\t\t\t<h2 class=\"elementor-heading-title elementor-size-default\">Copyright<\/h2>\t\t\t\t<\/div>\n\t\t\t\t<\/div>\n\t\t\t\t<div class=\"elementor-element elementor-element-785b20a elementor-widget elementor-widget-text-editor\" data-id=\"785b20a\" data-element_type=\"widget\" data-widget_type=\"text-editor.default\">\n\t\t\t\t<div class=\"elementor-widget-container\">\n\t\t\t\t\t\t\t\t\t<div class=\"wpb_text_column wpb_content_element\"><div class=\"wpb_wrapper\"><div class=\"wpb_text_column wpb_content_element\"><div class=\"wpb_wrapper\"><p>The content and works created by the website operator on this website are subject to German copyright law. Reproduction, editing, distribution, or any other exploitation outside the limits of copyright requires the prior written consent of the respective rights holder.<\/p><p>To the extent that content on this website was not created by the operator, the copyrights of third parties are respected and such content is marked as such.<br \/>Should you nonetheless become aware of a copyright infringement, we kindly ask for a corresponding notification. Upon becoming aware of legal infringements, affected content will be removed immediately.<\/p><\/div><\/div><\/div><\/div>\t\t\t\t\t\t\t\t<\/div>\n\t\t\t\t<\/div>\n\t\t\t\t<div class=\"elementor-element elementor-element-4b8386b elementor-widget elementor-widget-heading\" data-id=\"4b8386b\" data-element_type=\"widget\" data-widget_type=\"heading.default\">\n\t\t\t\t<div class=\"elementor-widget-container\">\n\t\t\t\t\t<h2 class=\"elementor-heading-title elementor-size-default\">No contractual relationship<\/h2>\t\t\t\t<\/div>\n\t\t\t\t<\/div>\n\t\t\t\t<div class=\"elementor-element elementor-element-bb10d56 elementor-widget elementor-widget-text-editor\" data-id=\"bb10d56\" data-element_type=\"widget\" data-widget_type=\"text-editor.default\">\n\t\t\t\t<div class=\"elementor-widget-container\">\n\t\t\t\t\t\t\t\t\t<div class=\"wpb_text_column wpb_content_element\"><div class=\"wpb_wrapper\"><div class=\"wpb_text_column wpb_content_element\"><div class=\"wpb_wrapper\"><p>The use of the information provided on this website does not create a contractual relationship between the user and the website operator, unless expressly agreed otherwise.<\/p><\/div><\/div><\/div><\/div>\t\t\t\t\t\t\t\t<\/div>\n\t\t\t\t<\/div>\n\t\t\t\t<div class=\"elementor-element elementor-element-2676f4f elementor-widget elementor-widget-heading\" data-id=\"2676f4f\" data-element_type=\"widget\" data-widget_type=\"heading.default\">\n\t\t\t\t<div class=\"elementor-widget-container\">\n\t\t\t\t\t<h2 class=\"elementor-heading-title elementor-size-default\">Legal validity<\/h2>\t\t\t\t<\/div>\n\t\t\t\t<\/div>\n\t\t\t\t<div class=\"elementor-element elementor-element-21ca525 elementor-widget elementor-widget-text-editor\" data-id=\"21ca525\" data-element_type=\"widget\" data-widget_type=\"text-editor.default\">\n\t\t\t\t<div class=\"elementor-widget-container\">\n\t\t\t\t\t\t\t\t\t<div class=\"wpb_text_column wpb_content_element\"><div class=\"wpb_wrapper\"><div class=\"wpb_text_column wpb_content_element\"><div class=\"wpb_wrapper\"><p>Should individual provisions of this disclaimer be or become wholly or partially invalid, the validity of the remaining provisions shall remain unaffected.<\/p><\/div><\/div><\/div><\/div>\t\t\t\t\t\t\t\t<\/div>\n\t\t\t\t<\/div>\n\t\t\t\t\t<\/div>\n\t\t\t\t<\/div>\n\t\t\t\t<\/div>","protected":false},"excerpt":{"rendered":"<p>Disclaimer | Haftungsausschluss Haftung f\u00fcr Inhalte Als Diensteanbieter sind wir gem\u00e4\u00df \u00a7\u202f2 Digitale\u2011Dienste\u2011Gesetz (DDG) f\u00fcr eigene Inhalte auf diesen Seiten nach den allgemeinen Gesetzen verantwortlich.Wir erstellen die Inhalte unserer Website mit gr\u00f6\u00dfter Sorgfalt. F\u00fcr die Richtigkeit, Vollst\u00e4ndigkeit und Aktualit\u00e4t der bereitgestellten Inhalte \u00fcbernehmen wir jedoch keine Gew\u00e4hr. Als Diensteanbieter sind wir nach den geltenden gesetzlichen [&hellip;]<\/p>\n","protected":false},"author":1,"featured_media":0,"parent":0,"menu_order":0,"comment_status":"closed","ping_status":"closed","template":"","meta":{"footnotes":""},"class_list":["post-1561","page","type-page","status-publish","hentry"],"_links":{"self":[{"href":"https:\/\/iit.wolfsrudel-agentur.com\/en\/wp-json\/wp\/v2\/pages\/1561","targetHints":{"allow":["GET"]}}],"collection":[{"href":"https:\/\/iit.wolfsrudel-agentur.com\/en\/wp-json\/wp\/v2\/pages"}],"about":[{"href":"https:\/\/iit.wolfsrudel-agentur.com\/en\/wp-json\/wp\/v2\/types\/page"}],"author":[{"embeddable":true,"href":"https:\/\/iit.wolfsrudel-agentur.com\/en\/wp-json\/wp\/v2\/users\/1"}],"replies":[{"embeddable":true,"href":"https:\/\/iit.wolfsrudel-agentur.com\/en\/wp-json\/wp\/v2\/comments?post=1561"}],"version-history":[{"count":19,"href":"https:\/\/iit.wolfsrudel-agentur.com\/en\/wp-json\/wp\/v2\/pages\/1561\/revisions"}],"predecessor-version":[{"id":3689,"href":"https:\/\/iit.wolfsrudel-agentur.com\/en\/wp-json\/wp\/v2\/pages\/1561\/revisions\/3689"}],"wp:attachment":[{"href":"https:\/\/iit.wolfsrudel-agentur.com\/en\/wp-json\/wp\/v2\/media?parent=1561"}],"curies":[{"name":"wp","href":"https:\/\/api.w.org\/{rel}","templated":true}]}}